{"id":135,"date":"2017-11-19T14:55:36","date_gmt":"2017-11-19T13:55:36","guid":{"rendered":"http:\/\/soserma.fr\/?page_id=135"},"modified":"2018-08-14T18:20:19","modified_gmt":"2018-08-14T16:20:19","slug":"nos-valeurs","status":"publish","type":"page","link":"https:\/\/soserma.fr\/index.php\/nos-valeurs\/","title":{"rendered":"Nos valeurs"},"content":{"rendered":"<p>10 ans d&rsquo;exp\u00e9rience<\/p>\n<p>Services<\/p>\n<p>Qualit\u00e9<\/p>\n<p>Innovation<\/p>\n<p>Sp\u00e9cialiste<\/p>\n<p>Optimisation<\/p>\n<p>Proximit\u00e9<\/p>\n<p>Dynamisme<\/p>\n<p>Ecoute<\/p>\n<p>Satisfaction<\/p>\n","protected":false},"excerpt":{"rendered":"<p>10 ans d&rsquo;exp\u00e9rience Services Qualit\u00e9 Innovation Sp\u00e9cialiste Optimisation Proximit\u00e9 Dynamisme Ecoute Satisfaction<\/p>\n","protected":false},"author":1,"featured_media":0,"parent":0,"menu_order":0,"comment_status":"closed","ping_status":"closed","template":"","meta":{"footnotes":""},"_links":{"self":[{"href":"https:\/\/soserma.fr\/index.php\/wp-json\/wp\/v2\/pages\/135"}],"collection":[{"href":"https:\/\/soserma.fr\/index.php\/wp-json\/wp\/v2\/pages"}],"about":[{"href":"https:\/\/soserma.fr\/index.php\/wp-json\/wp\/v2\/types\/page"}],"author":[{"embeddable":true,"href":"https:\/\/soserma.fr\/index.php\/wp-json\/wp\/v2\/users\/1"}],"replies":[{"embeddable":true,"href":"https:\/\/soserma.fr\/index.php\/wp-json\/wp\/v2\/comments?post=135"}],"version-history":[{"count":1,"href":"https:\/\/soserma.fr\/index.php\/wp-json\/wp\/v2\/pages\/135\/revisions"}],"predecessor-version":[{"id":137,"href":"https:\/\/soserma.fr\/index.php\/wp-json\/wp\/v2\/pages\/135\/revisions\/137"}],"wp:attachment":[{"href":"https:\/\/soserma.fr\/index.php\/wp-json\/wp\/v2\/media?parent=135"}],"curies":[{"name":"wp","href":"https:\/\/api.w.org\/{rel}","templated":true}]}}