{"id":34,"date":"2017-09-09T16:46:32","date_gmt":"2017-09-09T14:46:32","guid":{"rendered":"http:\/\/soserma.fr\/?page_id=34"},"modified":"2018-08-14T18:19:25","modified_gmt":"2018-08-14T16:19:25","slug":"accueil","status":"publish","type":"page","link":"https:\/\/soserma.fr\/","title":{"rendered":"Accueil"},"content":{"rendered":"<div id='gallery-1' class='gallery galleryid-34 gallery-columns-4 gallery-size-thumbnail'><figure class='gallery-item'>\n\t\t\t<div class='gallery-icon landscape'>\n\t\t\t\t<a href='https:\/\/soserma.fr\/machined\/'><img width=\"150\" height=\"150\" src=\"https:\/\/soserma.fr\/wp-content\/uploads\/2017\/10\/machined-150x150.png\" class=\"attachment-thumbnail size-thumbnail\" alt=\"\" decoding=\"async\" loading=\"lazy\" srcset=\"https:\/\/soserma.fr\/wp-content\/uploads\/2017\/10\/machined-150x150.png 150w, https:\/\/soserma.fr\/wp-content\/uploads\/2017\/10\/machined-100x100.png 100w\" sizes=\"100vw\" \/><\/a>\n\t\t\t<\/div><\/figure><figure class='gallery-item'>\n\t\t\t<div class='gallery-icon landscape'>\n\t\t\t\t<a href='https:\/\/soserma.fr\/cropped-machinee-png\/'><img width=\"150\" height=\"150\" src=\"https:\/\/soserma.fr\/wp-content\/uploads\/2017\/10\/cropped-machinee-150x150.png\" class=\"attachment-thumbnail size-thumbnail\" alt=\"\" decoding=\"async\" loading=\"lazy\" srcset=\"https:\/\/soserma.fr\/wp-content\/uploads\/2017\/10\/cropped-machinee-150x150.png 150w, https:\/\/soserma.fr\/wp-content\/uploads\/2017\/10\/cropped-machinee-100x100.png 100w\" sizes=\"100vw\" \/><\/a>\n\t\t\t<\/div><\/figure><figure class='gallery-item'>\n\t\t\t<div class='gallery-icon landscape'>\n\t\t\t\t<a href='https:\/\/soserma.fr\/machinec\/'><img width=\"150\" height=\"150\" src=\"https:\/\/soserma.fr\/wp-content\/uploads\/2017\/10\/machinec-150x150.png\" class=\"attachment-thumbnail size-thumbnail\" alt=\"\" decoding=\"async\" loading=\"lazy\" srcset=\"https:\/\/soserma.fr\/wp-content\/uploads\/2017\/10\/machinec-150x150.png 150w, https:\/\/soserma.fr\/wp-content\/uploads\/2017\/10\/machinec-100x100.png 100w\" sizes=\"100vw\" \/><\/a>\n\t\t\t<\/div><\/figure><figure class='gallery-item'>\n\t\t\t<div class='gallery-icon landscape'>\n\t\t\t\t<a href='https:\/\/soserma.fr\/cropped-machineb-1-png\/'><img width=\"150\" height=\"150\" src=\"https:\/\/soserma.fr\/wp-content\/uploads\/2017\/10\/cropped-machineb-1-150x150.png\" class=\"attachment-thumbnail size-thumbnail\" alt=\"\" decoding=\"async\" loading=\"lazy\" srcset=\"https:\/\/soserma.fr\/wp-content\/uploads\/2017\/10\/cropped-machineb-1-150x150.png 150w, https:\/\/soserma.fr\/wp-content\/uploads\/2017\/10\/cropped-machineb-1-100x100.png 100w\" sizes=\"100vw\" \/><\/a>\n\t\t\t<\/div><\/figure>\n\t\t<\/div>\n\n<p>Implant\u00e9e depuis plus de 20 ans, Soserma intervient dans les domaines du fa\u00e7onnage, du routage et du marketing direct.<\/p>\n<p>Nous sommes dot\u00e9s d&rsquo;un parc de <strong>6 lignes de production en fa\u00e7onnage \u00e0 la pointe de la technologie<\/strong> et d&rsquo;une \u00e9quipe de 15 personnes \u00e0 votre \u00e9coute pour la r\u00e9ussite de vos campagnes MD.<\/p>\n<p>Nous travaillons \u00e0 partir de feuilles ou de bobines <strong>personnalis\u00e9es ou neutres <\/strong>en pouces ou en m\u00e9trique (Pinless) en laize maxi 510 mm de 1 \u00e0 4 groupes.<\/p>\n<p>Nous sommes capables de faire d&rsquo;autres <strong>fa\u00e7onnages<\/strong>, d&rsquo;autres <strong>d\u00e9poses<\/strong> ou d&rsquo;autres <strong>collages<\/strong> selon besoin. N&rsquo;h\u00e9sitez pas \u00e0 nous questionner \u00e0 ce sujet.<\/p>\n<p>Nous mettons \u00e0 votre service nos conseils, <strong>nos comp\u00e9tences techniques et notre r\u00e9activit\u00e9.<\/strong><\/p>\n","protected":false},"excerpt":{"rendered":"<p>Implant\u00e9e depuis plus de 20 ans, Soserma intervient dans les domaines du fa\u00e7onnage, du routage et du marketing direct. Nous sommes dot\u00e9s d&rsquo;un parc de 6 lignes de production en fa\u00e7onnage \u00e0 la pointe de la technologie et d&rsquo;une \u00e9quipe de 15 personnes \u00e0 votre \u00e9coute pour la r\u00e9ussite de vos campagnes MD. Nous travaillons &hellip; <\/p>\n<p class=\"link-more\"><a href=\"https:\/\/soserma.fr\/\" class=\"more-link\">Continuer la lecture<span class=\"screen-reader-text\"> de &laquo;&nbsp;Accueil&nbsp;&raquo;<\/span><\/a><\/p>\n","protected":false},"author":1,"featured_media":0,"parent":0,"menu_order":0,"comment_status":"closed","ping_status":"closed","template":"","meta":{"footnotes":""},"_links":{"self":[{"href":"https:\/\/soserma.fr\/index.php\/wp-json\/wp\/v2\/pages\/34"}],"collection":[{"href":"https:\/\/soserma.fr\/index.php\/wp-json\/wp\/v2\/pages"}],"about":[{"href":"https:\/\/soserma.fr\/index.php\/wp-json\/wp\/v2\/types\/page"}],"author":[{"embeddable":true,"href":"https:\/\/soserma.fr\/index.php\/wp-json\/wp\/v2\/users\/1"}],"replies":[{"embeddable":true,"href":"https:\/\/soserma.fr\/index.php\/wp-json\/wp\/v2\/comments?post=34"}],"version-history":[{"count":7,"href":"https:\/\/soserma.fr\/index.php\/wp-json\/wp\/v2\/pages\/34\/revisions"}],"predecessor-version":[{"id":142,"href":"https:\/\/soserma.fr\/index.php\/wp-json\/wp\/v2\/pages\/34\/revisions\/142"}],"wp:attachment":[{"href":"https:\/\/soserma.fr\/index.php\/wp-json\/wp\/v2\/media?parent=34"}],"curies":[{"name":"wp","href":"https:\/\/api.w.org\/{rel}","templated":true}]}}