{"id":72,"date":"2017-10-25T16:30:20","date_gmt":"2017-10-25T14:30:20","guid":{"rendered":"http:\/\/soserma.fr\/?page_id=72"},"modified":"2018-08-14T18:19:59","modified_gmt":"2018-08-14T16:19:59","slug":"nos-specialites","status":"publish","type":"page","link":"https:\/\/soserma.fr\/index.php\/nos-specialites\/","title":{"rendered":"Nos Sp\u00e9cialit\u00e9s"},"content":{"rendered":"<div id='gallery-1' class='gallery galleryid-72 gallery-columns-5 gallery-size-thumbnail'><figure class='gallery-item'>\n\t\t\t<div class='gallery-icon landscape'>\n\t\t\t\t<a href='https:\/\/soserma.fr\/machinec\/'><img width=\"150\" height=\"150\" src=\"https:\/\/soserma.fr\/wp-content\/uploads\/2017\/10\/machinec-150x150.png\" class=\"attachment-thumbnail size-thumbnail\" alt=\"\" decoding=\"async\" loading=\"lazy\" srcset=\"https:\/\/soserma.fr\/wp-content\/uploads\/2017\/10\/machinec-150x150.png 150w, https:\/\/soserma.fr\/wp-content\/uploads\/2017\/10\/machinec-100x100.png 100w\" sizes=\"100vw\" \/><\/a>\n\t\t\t<\/div><\/figure><figure class='gallery-item'>\n\t\t\t<div class='gallery-icon landscape'>\n\t\t\t\t<a href='https:\/\/soserma.fr\/cropped-machineb-png\/'><img width=\"150\" height=\"150\" src=\"https:\/\/soserma.fr\/wp-content\/uploads\/2017\/10\/cropped-machineb-150x150.png\" class=\"attachment-thumbnail size-thumbnail\" alt=\"\" decoding=\"async\" loading=\"lazy\" srcset=\"https:\/\/soserma.fr\/wp-content\/uploads\/2017\/10\/cropped-machineb-150x150.png 150w, https:\/\/soserma.fr\/wp-content\/uploads\/2017\/10\/cropped-machineb-100x100.png 100w\" sizes=\"100vw\" \/><\/a>\n\t\t\t<\/div><\/figure><figure class='gallery-item'>\n\t\t\t<div class='gallery-icon landscape'>\n\t\t\t\t<a href='https:\/\/soserma.fr\/cropped-machinee-png\/'><img width=\"150\" height=\"150\" src=\"https:\/\/soserma.fr\/wp-content\/uploads\/2017\/10\/cropped-machinee-150x150.png\" class=\"attachment-thumbnail size-thumbnail\" alt=\"\" decoding=\"async\" loading=\"lazy\" srcset=\"https:\/\/soserma.fr\/wp-content\/uploads\/2017\/10\/cropped-machinee-150x150.png 150w, https:\/\/soserma.fr\/wp-content\/uploads\/2017\/10\/cropped-machinee-100x100.png 100w\" sizes=\"100vw\" \/><\/a>\n\t\t\t<\/div><\/figure><figure class='gallery-item'>\n\t\t\t<div class='gallery-icon landscape'>\n\t\t\t\t<a href='https:\/\/soserma.fr\/machined\/'><img width=\"150\" height=\"150\" src=\"https:\/\/soserma.fr\/wp-content\/uploads\/2017\/10\/machined-150x150.png\" class=\"attachment-thumbnail size-thumbnail\" alt=\"\" decoding=\"async\" loading=\"lazy\" srcset=\"https:\/\/soserma.fr\/wp-content\/uploads\/2017\/10\/machined-150x150.png 150w, https:\/\/soserma.fr\/wp-content\/uploads\/2017\/10\/machined-100x100.png 100w\" sizes=\"100vw\" \/><\/a>\n\t\t\t<\/div><\/figure><figure class='gallery-item'>\n\t\t\t<div class='gallery-icon landscape'>\n\t\t\t\t<a href='https:\/\/soserma.fr\/machinea\/'><img width=\"150\" height=\"150\" src=\"https:\/\/soserma.fr\/wp-content\/uploads\/2017\/10\/machinea-150x150.png\" class=\"attachment-thumbnail size-thumbnail\" alt=\"\" decoding=\"async\" loading=\"lazy\" srcset=\"https:\/\/soserma.fr\/wp-content\/uploads\/2017\/10\/machinea-150x150.png 150w, https:\/\/soserma.fr\/wp-content\/uploads\/2017\/10\/machinea-100x100.png 100w\" sizes=\"100vw\" \/><\/a>\n\t\t\t<\/div><\/figure>\n\t\t<\/div>\n\n<p><strong>DEPOSE de 1 \u00e0 4 ETIQUETTES ADHESIVES<\/strong> au resto et 1 au verso en un seul passage sur bobines<\/p>\n<p><strong>DEPOSE ET COLLAGE<\/strong> de feuillets, de cartes, de 80 \u00e0 250 gr du format 40&#215;40 au 220&#215;150 avec colle fugitive ou d\u00e9finitive \u00e0 l&rsquo;int\u00e9rieur de vos documents ou en premi\u00e8re ou derni\u00e8re page<\/p>\n<p><strong>DEPOSE ET COLLAGE<\/strong> de feuillets, de cartes, de 80 \u00e0 250 gr du format 40&#215;40 au 220&#215;150 avec colle fugitive ou d\u00e9finitive \u00e0 l&rsquo;int\u00e9rieur ou en premi\u00e8re ou derni\u00e8re page sur <strong>document d\u00e9j\u00e0 fa\u00e7onn\u00e9<\/strong><\/p>\n<p><strong>CASSAGE<\/strong> d&rsquo;enveloppes du format 114&#215;140 au 229&#215;324<\/p>\n<p><strong>ADRESSAGE<\/strong>\u00a0 jet d&rsquo;encre \u00e0 partir de vos fichiers informatiques sur enveloppes et feuilles, datage<\/p>\n<p><strong>4 Machines de MISE SOUS PLIS<\/strong>\u00a0jusqu&rsquo;\u00e0 6 documents en petit format et 1 en grand format<\/p>\n<p><strong>1 LIGNE DE MISE SOUS FILM<\/strong> jusqu&rsquo;\u00e0 \u00e8 documents (catalogues, brochures, d\u00e9pliants)<\/p>\n<p><strong>POSSIBILITE D&rsquo;ACHEMINEMENT PAR LA POSTE<\/strong> vos mailings apr\u00e8s les avoir tri\u00e9s, enliass\u00e9s et mis en sacs<\/p>\n","protected":false},"excerpt":{"rendered":"<p>DEPOSE de 1 \u00e0 4 ETIQUETTES ADHESIVES au resto et 1 au verso en un seul passage sur bobines DEPOSE ET COLLAGE de feuillets, de cartes, de 80 \u00e0 250 gr du format 40&#215;40 au 220&#215;150 avec colle fugitive ou d\u00e9finitive \u00e0 l&rsquo;int\u00e9rieur de vos documents ou en premi\u00e8re ou derni\u00e8re page DEPOSE ET COLLAGE &hellip; <\/p>\n<p class=\"link-more\"><a href=\"https:\/\/soserma.fr\/index.php\/nos-specialites\/\" class=\"more-link\">Continuer la lecture<span class=\"screen-reader-text\"> de &laquo;&nbsp;Nos Sp\u00e9cialit\u00e9s&nbsp;&raquo;<\/span><\/a><\/p>\n","protected":false},"author":1,"featured_media":0,"parent":0,"menu_order":0,"comment_status":"closed","ping_status":"closed","template":"","meta":{"footnotes":""},"_links":{"self":[{"href":"https:\/\/soserma.fr\/index.php\/wp-json\/wp\/v2\/pages\/72"}],"collection":[{"href":"https:\/\/soserma.fr\/index.php\/wp-json\/wp\/v2\/pages"}],"about":[{"href":"https:\/\/soserma.fr\/index.php\/wp-json\/wp\/v2\/types\/page"}],"author":[{"embeddable":true,"href":"https:\/\/soserma.fr\/index.php\/wp-json\/wp\/v2\/users\/1"}],"replies":[{"embeddable":true,"href":"https:\/\/soserma.fr\/index.php\/wp-json\/wp\/v2\/comments?post=72"}],"version-history":[{"count":5,"href":"https:\/\/soserma.fr\/index.php\/wp-json\/wp\/v2\/pages\/72\/revisions"}],"predecessor-version":[{"id":89,"href":"https:\/\/soserma.fr\/index.php\/wp-json\/wp\/v2\/pages\/72\/revisions\/89"}],"wp:attachment":[{"href":"https:\/\/soserma.fr\/index.php\/wp-json\/wp\/v2\/media?parent=72"}],"curies":[{"name":"wp","href":"https:\/\/api.w.org\/{rel}","templated":true}]}}